{"id":672,"date":"2024-05-28T11:04:03","date_gmt":"2024-05-28T11:04:03","guid":{"rendered":"https:\/\/stayapartmentjozsa.hu\/unsere-zimmer\/"},"modified":"2024-06-25T11:18:36","modified_gmt":"2024-06-25T11:18:36","slug":"unsere-zimmer","status":"publish","type":"page","link":"https:\/\/stayapartmentjozsa.hu\/de\/unsere-zimmer\/","title":{"rendered":"Unsere Zimmer"},"content":{"rendered":"\t\t<div data-elementor-type=\"wp-page\" data-elementor-id=\"672\" class=\"elementor elementor-672 elementor-2\" data-elementor-post-type=\"page\">\n\t\t\t\t<div class=\"elementor-element elementor-element-462d0b8 e-flex e-con-boxed e-con e-parent\" data-id=\"462d0b8\" data-element_type=\"container\" data-settings=\"{&quot;background_background&quot;:&quot;video&quot;,&quot;background_video_link&quot;:&quot;https:\\\/\\\/stayapartmentjozsa.hu\\\/wp-content\\\/uploads\\\/2024\\\/05\\\/Szobak.mp4&quot;}\">\n\t\t\t\t\t<div class=\"e-con-inner\">\n\t\t<div class=\"elementor-background-video-container elementor-hidden-phone\">\n\t\t\t\t\t\t\t<video class=\"elementor-background-video-hosted elementor-html5-video\" autoplay muted playsinline loop><\/video>\n\t\t\t\t\t<\/div>\t\t\t<\/div>\n\t\t\t\t<\/div>\n\t\t<div class=\"elementor-element elementor-element-fc3715b e-flex e-con-boxed e-con e-parent\" data-id=\"fc3715b\" data-element_type=\"container\">\n\t\t\t\t\t<div class=\"e-con-inner\">\n\t\t\t\t<div class=\"elementor-element elementor-element-644ae98 elementor-widget elementor-widget-heading\" data-id=\"644ae98\" data-element_type=\"widget\" data-widget_type=\"heading.default\">\n\t\t\t\t<div class=\"elementor-widget-container\">\n\t\t\t<style>\/*! elementor - v3.21.0 - 26-05-2024 *\/\n.elementor-heading-title{padding:0;margin:0;line-height:1}.elementor-widget-heading .elementor-heading-title[class*=elementor-size-]>a{color:inherit;font-size:inherit;line-height:inherit}.elementor-widget-heading .elementor-heading-title.elementor-size-small{font-size:15px}.elementor-widget-heading .elementor-heading-title.elementor-size-medium{font-size:19px}.elementor-widget-heading .elementor-heading-title.elementor-size-large{font-size:29px}.elementor-widget-heading .elementor-heading-title.elementor-size-xl{font-size:39px}.elementor-widget-heading .elementor-heading-title.elementor-size-xxl{font-size:59px}<\/style><h1 class=\"elementor-heading-title elementor-size-default\">UNSERE ZIMMER<\/h1>\t\t<\/div>\n\t\t\t\t<\/div>\n\t\t<div class=\"elementor-element elementor-element-c924f2a e-flex e-con-boxed e-con e-child\" data-id=\"c924f2a\" data-element_type=\"container\">\n\t\t\t\t\t<div class=\"e-con-inner\">\n\t\t<div class=\"elementor-element elementor-element-e73c8e9 e-flex e-con-boxed e-con e-child\" data-id=\"e73c8e9\" data-element_type=\"container\">\n\t\t\t\t\t<div class=\"e-con-inner\">\n\t\t\t\t<div class=\"elementor-element elementor-element-fcfd3ba elementor-widget elementor-widget-image\" data-id=\"fcfd3ba\" data-element_type=\"widget\" data-widget_type=\"image.default\">\n\t\t\t\t<div class=\"elementor-widget-container\">\n\t\t\t<style>\/*! elementor - v3.21.0 - 26-05-2024 *\/\n.elementor-widget-image{text-align:center}.elementor-widget-image a{display:inline-block}.elementor-widget-image a img[src$=\".svg\"]{width:48px}.elementor-widget-image img{vertical-align:middle;display:inline-block}<\/style>\t\t\t\t\t\t\t\t\t\t<img fetchpriority=\"high\" decoding=\"async\" width=\"800\" height=\"533\" src=\"https:\/\/stayapartmentjozsa.hu\/wp-content\/uploads\/2024\/05\/Szoba.jpg\" class=\"attachment-large size-large wp-image-526\" alt=\"\" srcset=\"https:\/\/stayapartmentjozsa.hu\/wp-content\/uploads\/2024\/05\/Szoba.jpg 900w, https:\/\/stayapartmentjozsa.hu\/wp-content\/uploads\/2024\/05\/Szoba-300x200.jpg 300w, https:\/\/stayapartmentjozsa.hu\/wp-content\/uploads\/2024\/05\/Szoba-768x512.jpg 768w\" sizes=\"(max-width: 800px) 100vw, 800px\" \/>\t\t\t\t\t\t\t\t\t\t\t\t\t<\/div>\n\t\t\t\t<\/div>\n\t\t\t\t\t<\/div>\n\t\t\t\t<\/div>\n\t\t<div class=\"elementor-element elementor-element-cb0e77a e-flex e-con-boxed e-con e-child\" data-id=\"cb0e77a\" data-element_type=\"container\">\n\t\t\t\t\t<div class=\"e-con-inner\">\n\t\t\t\t<div class=\"elementor-element elementor-element-b946f51 elementor-widget elementor-widget-heading\" data-id=\"b946f51\" data-element_type=\"widget\" data-widget_type=\"heading.default\">\n\t\t\t\t<div class=\"elementor-widget-container\">\n\t\t\t<h3 class=\"elementor-heading-title elementor-size-default\">APPARTEMENT<\/h3>\t\t<\/div>\n\t\t\t\t<\/div>\n\t\t\t\t<div class=\"elementor-element elementor-element-e957253 elementor-widget elementor-widget-text-editor\" data-id=\"e957253\" data-element_type=\"widget\" data-widget_type=\"text-editor.default\">\n\t\t\t\t<div class=\"elementor-widget-container\">\n\t\t\t<style>\/*! elementor - v3.21.0 - 26-05-2024 *\/\n.elementor-widget-text-editor.elementor-drop-cap-view-stacked .elementor-drop-cap{background-color:#69727d;color:#fff}.elementor-widget-text-editor.elementor-drop-cap-view-framed .elementor-drop-cap{color:#69727d;border:3px solid;background-color:transparent}.elementor-widget-text-editor:not(.elementor-drop-cap-view-default) .elementor-drop-cap{margin-top:8px}.elementor-widget-text-editor:not(.elementor-drop-cap-view-default) .elementor-drop-cap-letter{width:1em;height:1em}.elementor-widget-text-editor .elementor-drop-cap{float:left;text-align:center;line-height:1;font-size:50px}.elementor-widget-text-editor .elementor-drop-cap-letter{display:inline-block}<\/style>\t\t\t\t<p>In unserem Unterkunft mit Erdgeschoss + 2 Etagen wurden 46 Zimmer mit 2 + 2 Betten und 2 Krankenzimmer eingerichtet, insgesamt stehen unseren G\u00e4sten 184 Pl\u00e4tze zur Verf\u00fcgung.<\/p>\n<p>Unsere Zimmer sind komfortabel und elegant, mit modernen M\u00f6beln eingerichtet, praktisch ausgestattet. Alle Zimmer sind mit entsprechende Zahl der Betten, Nachttische, Leselampen, Kleiderb\u00fcgel, Sessel, Tische, St\u00fchle, Kleiderschranke, separate abschliessbare Schr\u00e4nke, Kleiderrechen und Schminkspiegel ausgestattet. <\/p>\n\t\t\t\t\t\t<\/div>\n\t\t\t\t<\/div>\n\t\t\t\t\t<\/div>\n\t\t\t\t<\/div>\n\t\t\t\t\t<\/div>\n\t\t\t\t<\/div>\n\t\t<div class=\"elementor-element elementor-element-0753a6b e-flex e-con-boxed e-con e-child\" data-id=\"0753a6b\" data-element_type=\"container\">\n\t\t\t\t\t<div class=\"e-con-inner\">\n\t\t<div class=\"elementor-element elementor-element-e939d59 e-flex e-con-boxed e-con e-child\" data-id=\"e939d59\" data-element_type=\"container\">\n\t\t\t\t\t<div class=\"e-con-inner\">\n\t\t\t\t<div class=\"elementor-element elementor-element-aa8f785 elementor-widget elementor-widget-heading\" data-id=\"aa8f785\" data-element_type=\"widget\" data-widget_type=\"heading.default\">\n\t\t\t\t<div class=\"elementor-widget-container\">\n\t\t\t<h3 class=\"elementor-heading-title elementor-size-default\">K\u00dcCHENBLOCK<\/h3>\t\t<\/div>\n\t\t\t\t<\/div>\n\t\t\t\t<div class=\"elementor-element elementor-element-4b94db3 elementor-widget elementor-widget-text-editor\" data-id=\"4b94db3\" data-element_type=\"widget\" data-widget_type=\"text-editor.default\">\n\t\t\t\t<div class=\"elementor-widget-container\">\n\t\t\t\t\t\t\t<p>Jedes Zimmer verf\u00fcgt \u00fcber einen eigenen, gut ausgestatteten K\u00fcchenblock mit K\u00fcchenschrank, eingebautem K\u00fchlschrank, Einzelkocher, Einbeckensp\u00fcle, Mikrowelle und Essbesteck.<\/p>\n\t\t\t\t\t\t<\/div>\n\t\t\t\t<\/div>\n\t\t\t\t\t<\/div>\n\t\t\t\t<\/div>\n\t\t<div class=\"elementor-element elementor-element-c9567f1 e-flex e-con-boxed e-con e-child\" data-id=\"c9567f1\" data-element_type=\"container\">\n\t\t\t\t\t<div class=\"e-con-inner\">\n\t\t\t\t<div class=\"elementor-element elementor-element-01b5409 elementor-widget elementor-widget-image\" data-id=\"01b5409\" data-element_type=\"widget\" data-widget_type=\"image.default\">\n\t\t\t\t<div class=\"elementor-widget-container\">\n\t\t\t\t\t\t\t\t\t\t\t\t\t<img decoding=\"async\" width=\"600\" height=\"600\" src=\"https:\/\/stayapartmentjozsa.hu\/wp-content\/uploads\/2024\/05\/Konyhablokk-2.jpg\" class=\"attachment-large size-large wp-image-528\" alt=\"\" srcset=\"https:\/\/stayapartmentjozsa.hu\/wp-content\/uploads\/2024\/05\/Konyhablokk-2.jpg 600w, https:\/\/stayapartmentjozsa.hu\/wp-content\/uploads\/2024\/05\/Konyhablokk-2-300x300.jpg 300w, https:\/\/stayapartmentjozsa.hu\/wp-content\/uploads\/2024\/05\/Konyhablokk-2-150x150.jpg 150w\" sizes=\"(max-width: 600px) 100vw, 600px\" \/>\t\t\t\t\t\t\t\t\t\t\t\t\t<\/div>\n\t\t\t\t<\/div>\n\t\t\t\t\t<\/div>\n\t\t\t\t<\/div>\n\t\t\t\t\t<\/div>\n\t\t\t\t<\/div>\n\t\t<div class=\"elementor-element elementor-element-cb842c0 e-flex e-con-boxed e-con e-child\" data-id=\"cb842c0\" data-element_type=\"container\">\n\t\t\t\t\t<div class=\"e-con-inner\">\n\t\t<div class=\"elementor-element elementor-element-04c2a79 e-flex e-con-boxed e-con e-child\" data-id=\"04c2a79\" data-element_type=\"container\">\n\t\t\t\t\t<div class=\"e-con-inner\">\n\t\t\t\t<div class=\"elementor-element elementor-element-6c4e2f4 elementor-widget elementor-widget-image\" data-id=\"6c4e2f4\" data-element_type=\"widget\" data-widget_type=\"image.default\">\n\t\t\t\t<div class=\"elementor-widget-container\">\n\t\t\t\t\t\t\t\t\t\t\t\t\t<img decoding=\"async\" width=\"800\" height=\"533\" src=\"https:\/\/stayapartmentjozsa.hu\/wp-content\/uploads\/2024\/05\/Furdoszoba-2.jpg\" class=\"attachment-large size-large wp-image-530\" alt=\"\" srcset=\"https:\/\/stayapartmentjozsa.hu\/wp-content\/uploads\/2024\/05\/Furdoszoba-2.jpg 900w, https:\/\/stayapartmentjozsa.hu\/wp-content\/uploads\/2024\/05\/Furdoszoba-2-300x200.jpg 300w, https:\/\/stayapartmentjozsa.hu\/wp-content\/uploads\/2024\/05\/Furdoszoba-2-768x512.jpg 768w\" sizes=\"(max-width: 800px) 100vw, 800px\" \/>\t\t\t\t\t\t\t\t\t\t\t\t\t<\/div>\n\t\t\t\t<\/div>\n\t\t\t\t\t<\/div>\n\t\t\t\t<\/div>\n\t\t<div class=\"elementor-element elementor-element-a7f9759 e-flex e-con-boxed e-con e-child\" data-id=\"a7f9759\" data-element_type=\"container\">\n\t\t\t\t\t<div class=\"e-con-inner\">\n\t\t\t\t<div class=\"elementor-element elementor-element-a1a9eaf elementor-widget elementor-widget-heading\" data-id=\"a1a9eaf\" data-element_type=\"widget\" data-widget_type=\"heading.default\">\n\t\t\t\t<div class=\"elementor-widget-container\">\n\t\t\t<h3 class=\"elementor-heading-title elementor-size-default\">BADEZIMMER<\/h3>\t\t<\/div>\n\t\t\t\t<\/div>\n\t\t\t\t<div class=\"elementor-element elementor-element-e214ce4 elementor-widget elementor-widget-text-editor\" data-id=\"e214ce4\" data-element_type=\"widget\" data-widget_type=\"text-editor.default\">\n\t\t\t\t<div class=\"elementor-widget-container\">\n\t\t\t\t\t\t\t<p>Unsere Zimmer verf\u00fcgen \u00fcber ein separates Badezimmer mit Duschkabine, WC, Waschbecken, Duschgel mit Spender, Spiegel, Badezimmer Regal und Handtuchhalter. Pro Person ein Badetuch, ein Handtuch und eine Badematte pro Badezimmer stehen unseren G\u00e4sten zur Verf\u00fcgung. <\/p>\n\t\t\t\t\t\t<\/div>\n\t\t\t\t<\/div>\n\t\t\t\t\t<\/div>\n\t\t\t\t<\/div>\n\t\t\t\t\t<\/div>\n\t\t\t\t<\/div>\n\t\t<div class=\"elementor-element elementor-element-ec9a5c3 e-flex e-con-boxed e-con e-child\" data-id=\"ec9a5c3\" data-element_type=\"container\">\n\t\t\t\t\t<div class=\"e-con-inner\">\n\t\t<div class=\"elementor-element elementor-element-daf43ef e-flex e-con-boxed e-con e-child\" data-id=\"daf43ef\" data-element_type=\"container\">\n\t\t\t\t\t<div class=\"e-con-inner\">\n\t\t\t\t<div class=\"elementor-element elementor-element-82b3114 elementor-widget elementor-widget-heading\" data-id=\"82b3114\" data-element_type=\"widget\" data-widget_type=\"heading.default\">\n\t\t\t\t<div class=\"elementor-widget-container\">\n\t\t\t<h3 class=\"elementor-heading-title elementor-size-default\">KOMFORT<\/h3>\t\t<\/div>\n\t\t\t\t<\/div>\n\t\t\t\t<div class=\"elementor-element elementor-element-96d3071 elementor-widget elementor-widget-text-editor\" data-id=\"96d3071\" data-element_type=\"widget\" data-widget_type=\"text-editor.default\">\n\t\t\t\t<div class=\"elementor-widget-container\">\n\t\t\t\t\t\t\t<p>Spass wird durch einen 40-Zoll-Fernseher (101 cm Bildschirmdiagonale) sowie kostenlosen Zugang zum Internet-Netzwerk garantiert. Das Komfortgef\u00fchl wird durch die Zimmer im Erdgeschoss mit Terasse, die Zimmer im ersten Stock mit Balkon oder Loggia in verschiedenen Gr\u00f6ssen, die Zimmer im zweiten Stock grosse Terasse mit Schattenspender garantiert. <\/p>\n<p>Eigene Bed\u00fcrfnisse werden durch individuell regulierbare Klimaanlage und K\u00fchl-Heiz-System erf\u00fcllt, was individuell aus Handy gesteuert werden kann, ist eine individuelle Kostenabrechnung pro Wohnung m\u00f6glich.<\/p>\n\t\t\t\t\t\t<\/div>\n\t\t\t\t<\/div>\n\t\t\t\t\t<\/div>\n\t\t\t\t<\/div>\n\t\t<div class=\"elementor-element elementor-element-2a8c3af e-flex e-con-boxed e-con e-child\" data-id=\"2a8c3af\" data-element_type=\"container\">\n\t\t\t\t\t<div class=\"e-con-inner\">\n\t\t\t\t<div class=\"elementor-element elementor-element-4b7ff7e elementor-widget elementor-widget-image\" data-id=\"4b7ff7e\" data-element_type=\"widget\" data-widget_type=\"image.default\">\n\t\t\t\t<div class=\"elementor-widget-container\">\n\t\t\t\t\t\t\t\t\t\t\t\t\t<img loading=\"lazy\" decoding=\"async\" width=\"800\" height=\"533\" src=\"https:\/\/stayapartmentjozsa.hu\/wp-content\/uploads\/2024\/05\/Kenyelem-2.jpg\" class=\"attachment-large size-large wp-image-532\" alt=\"\" srcset=\"https:\/\/stayapartmentjozsa.hu\/wp-content\/uploads\/2024\/05\/Kenyelem-2.jpg 900w, https:\/\/stayapartmentjozsa.hu\/wp-content\/uploads\/2024\/05\/Kenyelem-2-300x200.jpg 300w, https:\/\/stayapartmentjozsa.hu\/wp-content\/uploads\/2024\/05\/Kenyelem-2-768x512.jpg 768w\" sizes=\"(max-width: 800px) 100vw, 800px\" \/>\t\t\t\t\t\t\t\t\t\t\t\t\t<\/div>\n\t\t\t\t<\/div>\n\t\t\t\t\t<\/div>\n\t\t\t\t<\/div>\n\t\t\t\t\t<\/div>\n\t\t\t\t<\/div>\n\t\t\t\t\t<\/div>\n\t\t\t\t<\/div>\n\t\t\t\t<\/div>\n\t\t","protected":false},"excerpt":{"rendered":"<p>UNSERE ZIMMER APPARTEMENT In unserem Unterkunft mit Erdgeschoss + 2 Etagen wurden 46 Zimmer mit 2 + 2 Betten und 2 Krankenzimmer eingerichtet, insgesamt stehen unseren G\u00e4sten 184 Pl\u00e4tze zur Verf\u00fcgung. Unsere Zimmer sind komfortabel und elegant, mit modernen M\u00f6beln eingerichtet, praktisch ausgestattet. Alle Zimmer sind mit entsprechende Zahl der Betten, Nachttische, Leselampen, Kleiderb\u00fcgel, Sessel, [&hellip;]<\/p>\n","protected":false},"author":1,"featured_media":0,"parent":0,"menu_order":0,"comment_status":"closed","ping_status":"open","template":"elementor_header_footer","meta":{"footnotes":""},"class_list":["post-672","page","type-page","status-publish","hentry"],"yoast_head":"<!-- This site is optimized with the Yoast SEO plugin v22.8 - https:\/\/yoast.com\/wordpress\/plugins\/seo\/ -->\n<title>Unsere Zimmer - Stay Apartment J\u00f3zsa<\/title>\n<meta name=\"robots\" content=\"index, follow, max-snippet:-1, max-image-preview:large, max-video-preview:-1\" \/>\n<link rel=\"canonical\" href=\"https:\/\/stayapartmentjozsa.hu\/de\/unsere-zimmer\/\" \/>\n<meta property=\"og:locale\" content=\"de_DE\" \/>\n<meta property=\"og:type\" content=\"article\" \/>\n<meta property=\"og:title\" content=\"Unsere Zimmer - Stay Apartment J\u00f3zsa\" \/>\n<meta property=\"og:description\" content=\"UNSERE ZIMMER APPARTEMENT In unserem Unterkunft mit Erdgeschoss + 2 Etagen wurden 46 Zimmer mit 2 + 2 Betten und 2 Krankenzimmer eingerichtet, insgesamt stehen unseren G\u00e4sten 184 Pl\u00e4tze zur Verf\u00fcgung. Unsere Zimmer sind komfortabel und elegant, mit modernen M\u00f6beln eingerichtet, praktisch ausgestattet. Alle Zimmer sind mit entsprechende Zahl der Betten, Nachttische, Leselampen, Kleiderb\u00fcgel, Sessel, [&hellip;]\" \/>\n<meta property=\"og:url\" content=\"https:\/\/stayapartmentjozsa.hu\/de\/unsere-zimmer\/\" \/>\n<meta property=\"og:site_name\" content=\"Stay Apartment J\u00f3zsa\" \/>\n<meta property=\"article:modified_time\" content=\"2024-06-25T11:18:36+00:00\" \/>\n<meta property=\"og:image\" content=\"https:\/\/stayapartmentjozsa.hu\/wp-content\/uploads\/2024\/05\/Szoba.jpg\" \/>\n<meta name=\"twitter:card\" content=\"summary_large_image\" \/>\n<meta name=\"twitter:label1\" content=\"Gesch\u00e4tzte Lesezeit\" \/>\n\t<meta name=\"twitter:data1\" content=\"1\u00a0Minute\" \/>\n<script type=\"application\/ld+json\" class=\"yoast-schema-graph\">{\"@context\":\"https:\/\/schema.org\",\"@graph\":[{\"@type\":\"WebPage\",\"@id\":\"https:\/\/stayapartmentjozsa.hu\/de\/unsere-zimmer\/\",\"url\":\"https:\/\/stayapartmentjozsa.hu\/de\/unsere-zimmer\/\",\"name\":\"Unsere Zimmer - Stay Apartment J\u00f3zsa\",\"isPartOf\":{\"@id\":\"https:\/\/stayapartmentjozsa.hu\/de\/#website\"},\"primaryImageOfPage\":{\"@id\":\"https:\/\/stayapartmentjozsa.hu\/de\/unsere-zimmer\/#primaryimage\"},\"image\":{\"@id\":\"https:\/\/stayapartmentjozsa.hu\/de\/unsere-zimmer\/#primaryimage\"},\"thumbnailUrl\":\"https:\/\/stayapartmentjozsa.hu\/wp-content\/uploads\/2024\/05\/Szoba.jpg\",\"datePublished\":\"2024-05-28T11:04:03+00:00\",\"dateModified\":\"2024-06-25T11:18:36+00:00\",\"breadcrumb\":{\"@id\":\"https:\/\/stayapartmentjozsa.hu\/de\/unsere-zimmer\/#breadcrumb\"},\"inLanguage\":\"de\",\"potentialAction\":[{\"@type\":\"ReadAction\",\"target\":[\"https:\/\/stayapartmentjozsa.hu\/de\/unsere-zimmer\/\"]}]},{\"@type\":\"ImageObject\",\"inLanguage\":\"de\",\"@id\":\"https:\/\/stayapartmentjozsa.hu\/de\/unsere-zimmer\/#primaryimage\",\"url\":\"https:\/\/stayapartmentjozsa.hu\/wp-content\/uploads\/2024\/05\/Szoba.jpg\",\"contentUrl\":\"https:\/\/stayapartmentjozsa.hu\/wp-content\/uploads\/2024\/05\/Szoba.jpg\"},{\"@type\":\"BreadcrumbList\",\"@id\":\"https:\/\/stayapartmentjozsa.hu\/de\/unsere-zimmer\/#breadcrumb\",\"itemListElement\":[{\"@type\":\"ListItem\",\"position\":1,\"name\":\"Kezd\u0151lap\",\"item\":\"https:\/\/stayapartmentjozsa.hu\/de\/vorstellung\/\"},{\"@type\":\"ListItem\",\"position\":2,\"name\":\"Unsere Zimmer\"}]},{\"@type\":\"WebSite\",\"@id\":\"https:\/\/stayapartmentjozsa.hu\/de\/#website\",\"url\":\"https:\/\/stayapartmentjozsa.hu\/de\/\",\"name\":\"Stay Apartment J\u00f3zsa\",\"description\":\"\",\"publisher\":{\"@id\":\"https:\/\/stayapartmentjozsa.hu\/de\/#organization\"},\"alternateName\":\"Stay Apartment J\u00f3zsa\",\"potentialAction\":[{\"@type\":\"SearchAction\",\"target\":{\"@type\":\"EntryPoint\",\"urlTemplate\":\"https:\/\/stayapartmentjozsa.hu\/de\/?s={search_term_string}\"},\"query-input\":\"required name=search_term_string\"}],\"inLanguage\":\"de\"},{\"@type\":\"Organization\",\"@id\":\"https:\/\/stayapartmentjozsa.hu\/de\/#organization\",\"name\":\"Stay Apartment J\u00f3zsa\",\"url\":\"https:\/\/stayapartmentjozsa.hu\/de\/\",\"logo\":{\"@type\":\"ImageObject\",\"inLanguage\":\"de\",\"@id\":\"https:\/\/stayapartmentjozsa.hu\/de\/#\/schema\/logo\/image\/\",\"url\":\"https:\/\/stayapartmentjozsa.hu\/wp-content\/uploads\/2024\/05\/Stay-Apartment-logo.png\",\"contentUrl\":\"https:\/\/stayapartmentjozsa.hu\/wp-content\/uploads\/2024\/05\/Stay-Apartment-logo.png\",\"width\":388,\"height\":229,\"caption\":\"Stay Apartment J\u00f3zsa\"},\"image\":{\"@id\":\"https:\/\/stayapartmentjozsa.hu\/de\/#\/schema\/logo\/image\/\"}}]}<\/script>\n<!-- \/ Yoast SEO plugin. -->","yoast_head_json":{"title":"Unsere Zimmer - Stay Apartment J\u00f3zsa","robots":{"index":"index","follow":"follow","max-snippet":"max-snippet:-1","max-image-preview":"max-image-preview:large","max-video-preview":"max-video-preview:-1"},"canonical":"https:\/\/stayapartmentjozsa.hu\/de\/unsere-zimmer\/","og_locale":"de_DE","og_type":"article","og_title":"Unsere Zimmer - Stay Apartment J\u00f3zsa","og_description":"UNSERE ZIMMER APPARTEMENT In unserem Unterkunft mit Erdgeschoss + 2 Etagen wurden 46 Zimmer mit 2 + 2 Betten und 2 Krankenzimmer eingerichtet, insgesamt stehen unseren G\u00e4sten 184 Pl\u00e4tze zur Verf\u00fcgung. Unsere Zimmer sind komfortabel und elegant, mit modernen M\u00f6beln eingerichtet, praktisch ausgestattet. Alle Zimmer sind mit entsprechende Zahl der Betten, Nachttische, Leselampen, Kleiderb\u00fcgel, Sessel, [&hellip;]","og_url":"https:\/\/stayapartmentjozsa.hu\/de\/unsere-zimmer\/","og_site_name":"Stay Apartment J\u00f3zsa","article_modified_time":"2024-06-25T11:18:36+00:00","og_image":[{"url":"https:\/\/stayapartmentjozsa.hu\/wp-content\/uploads\/2024\/05\/Szoba.jpg"}],"twitter_card":"summary_large_image","twitter_misc":{"Gesch\u00e4tzte Lesezeit":"1\u00a0Minute"},"schema":{"@context":"https:\/\/schema.org","@graph":[{"@type":"WebPage","@id":"https:\/\/stayapartmentjozsa.hu\/de\/unsere-zimmer\/","url":"https:\/\/stayapartmentjozsa.hu\/de\/unsere-zimmer\/","name":"Unsere Zimmer - Stay Apartment J\u00f3zsa","isPartOf":{"@id":"https:\/\/stayapartmentjozsa.hu\/de\/#website"},"primaryImageOfPage":{"@id":"https:\/\/stayapartmentjozsa.hu\/de\/unsere-zimmer\/#primaryimage"},"image":{"@id":"https:\/\/stayapartmentjozsa.hu\/de\/unsere-zimmer\/#primaryimage"},"thumbnailUrl":"https:\/\/stayapartmentjozsa.hu\/wp-content\/uploads\/2024\/05\/Szoba.jpg","datePublished":"2024-05-28T11:04:03+00:00","dateModified":"2024-06-25T11:18:36+00:00","breadcrumb":{"@id":"https:\/\/stayapartmentjozsa.hu\/de\/unsere-zimmer\/#breadcrumb"},"inLanguage":"de","potentialAction":[{"@type":"ReadAction","target":["https:\/\/stayapartmentjozsa.hu\/de\/unsere-zimmer\/"]}]},{"@type":"ImageObject","inLanguage":"de","@id":"https:\/\/stayapartmentjozsa.hu\/de\/unsere-zimmer\/#primaryimage","url":"https:\/\/stayapartmentjozsa.hu\/wp-content\/uploads\/2024\/05\/Szoba.jpg","contentUrl":"https:\/\/stayapartmentjozsa.hu\/wp-content\/uploads\/2024\/05\/Szoba.jpg"},{"@type":"BreadcrumbList","@id":"https:\/\/stayapartmentjozsa.hu\/de\/unsere-zimmer\/#breadcrumb","itemListElement":[{"@type":"ListItem","position":1,"name":"Kezd\u0151lap","item":"https:\/\/stayapartmentjozsa.hu\/de\/vorstellung\/"},{"@type":"ListItem","position":2,"name":"Unsere Zimmer"}]},{"@type":"WebSite","@id":"https:\/\/stayapartmentjozsa.hu\/de\/#website","url":"https:\/\/stayapartmentjozsa.hu\/de\/","name":"Stay Apartment J\u00f3zsa","description":"","publisher":{"@id":"https:\/\/stayapartmentjozsa.hu\/de\/#organization"},"alternateName":"Stay Apartment J\u00f3zsa","potentialAction":[{"@type":"SearchAction","target":{"@type":"EntryPoint","urlTemplate":"https:\/\/stayapartmentjozsa.hu\/de\/?s={search_term_string}"},"query-input":"required name=search_term_string"}],"inLanguage":"de"},{"@type":"Organization","@id":"https:\/\/stayapartmentjozsa.hu\/de\/#organization","name":"Stay Apartment J\u00f3zsa","url":"https:\/\/stayapartmentjozsa.hu\/de\/","logo":{"@type":"ImageObject","inLanguage":"de","@id":"https:\/\/stayapartmentjozsa.hu\/de\/#\/schema\/logo\/image\/","url":"https:\/\/stayapartmentjozsa.hu\/wp-content\/uploads\/2024\/05\/Stay-Apartment-logo.png","contentUrl":"https:\/\/stayapartmentjozsa.hu\/wp-content\/uploads\/2024\/05\/Stay-Apartment-logo.png","width":388,"height":229,"caption":"Stay Apartment J\u00f3zsa"},"image":{"@id":"https:\/\/stayapartmentjozsa.hu\/de\/#\/schema\/logo\/image\/"}}]}},"_links":{"self":[{"href":"https:\/\/stayapartmentjozsa.hu\/de\/wp-json\/wp\/v2\/pages\/672","targetHints":{"allow":["GET"]}}],"collection":[{"href":"https:\/\/stayapartmentjozsa.hu\/de\/wp-json\/wp\/v2\/pages"}],"about":[{"href":"https:\/\/stayapartmentjozsa.hu\/de\/wp-json\/wp\/v2\/types\/page"}],"author":[{"embeddable":true,"href":"https:\/\/stayapartmentjozsa.hu\/de\/wp-json\/wp\/v2\/users\/1"}],"replies":[{"embeddable":true,"href":"https:\/\/stayapartmentjozsa.hu\/de\/wp-json\/wp\/v2\/comments?post=672"}],"version-history":[{"count":1,"href":"https:\/\/stayapartmentjozsa.hu\/de\/wp-json\/wp\/v2\/pages\/672\/revisions"}],"predecessor-version":[{"id":673,"href":"https:\/\/stayapartmentjozsa.hu\/de\/wp-json\/wp\/v2\/pages\/672\/revisions\/673"}],"wp:attachment":[{"href":"https:\/\/stayapartmentjozsa.hu\/de\/wp-json\/wp\/v2\/media?parent=672"}],"curies":[{"name":"wp","href":"https:\/\/api.w.org\/{rel}","templated":true}]}}